{"id":15,"date":"2024-12-30T20:15:08","date_gmt":"2024-12-30T20:15:08","guid":{"rendered":"https:\/\/cbkd.virtualizza.es\/?page_id=15"},"modified":"2024-12-30T20:15:08","modified_gmt":"2024-12-30T20:15:08","slug":"quienes-somos","status":"publish","type":"page","link":"https:\/\/cbkd.virtualizza.es\/index.php\/quienes-somos\/","title":{"rendered":"Qui\u00e9nes somos"},"content":{"rendered":"<p><img loading=\"lazy\" decoding=\"async\" class=\"size-full wp-image-16 alignleft\" src=\"http:\/\/cbkd.virtualizza.es\/wp-content\/uploads\/2024\/12\/La-empresa.jpg\" alt=\"Fachada de la empresa Castell\u00f3 Bascules\n\" width=\"300\" height=\"240\" \/>Fue creada en el a\u00f1o 1982, como empresa dedicada a la venta de maquinaria y servicio t\u00e9cnico para todo tipo de comercio. Se inici\u00f3 en 1982 como Comercial Castell\u00f3, luego en el a\u00f1o 2001 pas\u00f3 a denominarse CASTELL\u00d3 B\u00c0SCULES, que gracias a vuestra confianza hemos estado en un constante crecimiento en volumen de clientes y en una especial atenci\u00f3n dedicada a sus necesidades.<\/p>\n<p>Lo que nos ha llevado a que poco a poco, se haya ido configurando una amplia gama de productos para la industria alimentaria y en general, para ofrecerles una gran variedad de ideas a la hora de equipar su negocio.<\/p>\n<p>La profesionalidad del equipo que la componen y la gran fidelidad de sus clientes, son los mayores activos de que dispone, el motor que nos impulsa a mejorar paulatinamente, para poder ofrecer productos y servicios de alta calidad.<\/p>\n<p>Contamos con servicio T\u00e9cnico propio y soporte telef\u00f3nico, para ayudarles a buscar las soluciones m\u00e1s favorables para su negocio.<\/p>\n","protected":false},"excerpt":{"rendered":"<p>Fue creada en el a\u00f1o 1982, como empresa dedicada a la venta de maquinaria y servicio t\u00e9cnico para todo tipo de comercio. Se inici\u00f3 en 1982 como Comercial Castell\u00f3, luego en el a\u00f1o 2001 pas\u00f3 a denominarse CASTELL\u00d3 B\u00c0SCULES, que gracias a vuestra confianza hemos estado en un constante crecimiento en volumen de clientes y &#8230; <a title=\"Qui\u00e9nes somos\" class=\"read-more\" href=\"https:\/\/cbkd.virtualizza.es\/index.php\/quienes-somos\/\" aria-label=\"Leer m\u00e1s sobre Qui\u00e9nes somos\">Leer m\u00e1s<\/a><\/p>\n","protected":false},"author":1,"featured_media":0,"parent":0,"menu_order":0,"comment_status":"closed","ping_status":"closed","template":"","meta":{"footnotes":""},"class_list":["post-15","page","type-page","status-publish"],"_links":{"self":[{"href":"https:\/\/cbkd.virtualizza.es\/index.php\/wp-json\/wp\/v2\/pages\/15","targetHints":{"allow":["GET"]}}],"collection":[{"href":"https:\/\/cbkd.virtualizza.es\/index.php\/wp-json\/wp\/v2\/pages"}],"about":[{"href":"https:\/\/cbkd.virtualizza.es\/index.php\/wp-json\/wp\/v2\/types\/page"}],"author":[{"embeddable":true,"href":"https:\/\/cbkd.virtualizza.es\/index.php\/wp-json\/wp\/v2\/users\/1"}],"replies":[{"embeddable":true,"href":"https:\/\/cbkd.virtualizza.es\/index.php\/wp-json\/wp\/v2\/comments?post=15"}],"version-history":[{"count":1,"href":"https:\/\/cbkd.virtualizza.es\/index.php\/wp-json\/wp\/v2\/pages\/15\/revisions"}],"predecessor-version":[{"id":17,"href":"https:\/\/cbkd.virtualizza.es\/index.php\/wp-json\/wp\/v2\/pages\/15\/revisions\/17"}],"wp:attachment":[{"href":"https:\/\/cbkd.virtualizza.es\/index.php\/wp-json\/wp\/v2\/media?parent=15"}],"curies":[{"name":"wp","href":"https:\/\/api.w.org\/{rel}","templated":true}]}}